{"id":2,"date":"2022-07-04T08:33:25","date_gmt":"2022-07-04T08:33:25","guid":{"rendered":"http:\/\/schweiz.team\/?page_id=2"},"modified":"2025-05-10T13:56:22","modified_gmt":"2025-05-10T13:56:22","slug":"sample-page","status":"publish","type":"page","link":"https:\/\/schweiz.team\/","title":{"rendered":"Home"},"content":{"rendered":"\n<div class=\"wp-block-group alignwide is-style-default is-layout-flow wp-block-group-is-layout-flow\" style=\"margin-top:0px\">\n<h2 class=\"wp-block-heading has-text-align-center has-background has-medium-font-size\" id=\"portfolio\" style=\"border-width:5px;background-color:#a9a9f4\">Swiss Teams \/ Selection<\/h2>\n\n\n\n<p>In der Schweiz gibt es mehrere gro\u00dfe und wichtige Teams und Teamwork-Bereiche in verschiedenen Branchen und Bereichen. Hier sind einige Beispiele:<\/p>\n\n\n\n<script src=\"https:\/\/unpkg.com\/@lottiefiles\/lottie-player@latest\/dist\/lottie-player.js\"><\/script>\n<lottie-player src=\"https:\/\/assets7.lottiefiles.com\/packages\/lf20_gK2QuazSMe.json\"  background=\"transparent\"  speed=\"1\"  style=\"width: 300px; height: 300px;\"  loop  autoplay><\/lottie-player>\n\n\n\n<ol class=\"wp-block-list\">\n<li>Schweizer <strong>Rettungs- und Sicherheitsdienste<\/strong>: Das Schweizerische Rote Kreuz, die Schweizerische Lebensrettungs-Gesellschaft und die Schweizer Feuerwehr bilden wichtige Teams im Bereich der Rettung und Sicherheit.<\/li>\n\n\n\n<li><strong>Banken und Finanzdienstleistungen<\/strong>: Die UBS und Credit Suisse sind zwei der gr\u00f6\u00dften Banken in der Schweiz und verf\u00fcgen \u00fcber gro\u00dfe Teams von Mitarbeitern, die an Finanzdienstleistungen und Investmentbanking-Aktivit\u00e4ten arbeiten.<\/li>\n\n\n\n<li>Schweizer <strong>Armee<\/strong>: Die Armee ist ein wichtiges Team in der Schweiz und besteht aus verschiedenen Einheiten und Abteilungen, die f\u00fcr die Landesverteidigung verantwortlich sind.<\/li>\n\n\n\n<li>Schweizer <strong>Sportteam<\/strong>s: In der Schweiz gibt es sowohl im Fu\u00dfball als auch in anderen Sportarten wie Eishockey und Skifahren wichtige Teams, die auf nationaler und internationaler Ebene erfolgreich sind.<\/li>\n\n\n\n<li><strong>Forschung und Entwicklung<\/strong>: Schweizer Unternehmen wie Roche und Novartis verf\u00fcgen \u00fcber gro\u00dfe Teams von Forschern und Wissenschaftlern, die an der Entwicklung neuer Medikamente und Therapien arbeiten.<\/li>\n\n\n\n<li>Swiss <strong>International Air Lines<\/strong>: Die nationale Fluggesellschaft der Schweiz hat gro\u00dfe Teams von Piloten, Stewardessen und Bodenpersonal, die den Flugbetrieb sicherstellen.<\/li>\n<\/ol>\n\n\n\n<p>Diese Beispiele verdeutlichen die Bedeutung von Teams und Teamwork in der Schweiz in verschiedenen Bereichen, sei es im Rettungswesen, Banken, Armee, Sport oder Technologie. Diese Teams tragen dazu bei, die Schweizer Gesellschaft zu unterst\u00fctzen, zu sch\u00fctzen und voranzubringen.<\/p>\n<\/div>\n\n\n\n<p><\/p>\n","protected":false},"excerpt":{"rendered":"<p>Swiss Teams \/ Selection In der Schweiz gibt es mehrere gro\u00dfe und wichtige Teams und Teamwork-Bereiche in verschiedenen Branchen und Bereichen. Hier sind einige Beispiele: Diese Beispiele verdeutlichen die Bedeutung von Teams und Teamwork in der Schweiz in verschiedenen Bereichen, sei es im Rettungswesen, Banken, Armee, Sport oder Technologie. Diese Teams tragen dazu bei, die [&hellip;]<\/p>\n","protected":false},"author":1,"featured_media":0,"parent":0,"menu_order":0,"comment_status":"closed","ping_status":"open","template":"","meta":{"om_disable_all_campaigns":false,"_monsterinsights_skip_tracking":false,"_monsterinsights_sitenote_active":false,"_monsterinsights_sitenote_note":"","_monsterinsights_sitenote_category":0,"footnotes":""},"class_list":["post-2","page","type-page","status-publish","hentry"],"aioseo_notices":[],"_links":{"self":[{"href":"https:\/\/schweiz.team\/index.php\/wp-json\/wp\/v2\/pages\/2","targetHints":{"allow":["GET"]}}],"collection":[{"href":"https:\/\/schweiz.team\/index.php\/wp-json\/wp\/v2\/pages"}],"about":[{"href":"https:\/\/schweiz.team\/index.php\/wp-json\/wp\/v2\/types\/page"}],"author":[{"embeddable":true,"href":"https:\/\/schweiz.team\/index.php\/wp-json\/wp\/v2\/users\/1"}],"replies":[{"embeddable":true,"href":"https:\/\/schweiz.team\/index.php\/wp-json\/wp\/v2\/comments?post=2"}],"version-history":[{"count":12,"href":"https:\/\/schweiz.team\/index.php\/wp-json\/wp\/v2\/pages\/2\/revisions"}],"predecessor-version":[{"id":64,"href":"https:\/\/schweiz.team\/index.php\/wp-json\/wp\/v2\/pages\/2\/revisions\/64"}],"wp:attachment":[{"href":"https:\/\/schweiz.team\/index.php\/wp-json\/wp\/v2\/media?parent=2"}],"curies":[{"name":"wp","href":"https:\/\/api.w.org\/{rel}","templated":true}]}}